{"id":95,"date":"2024-04-24T09:02:21","date_gmt":"2024-04-24T09:02:21","guid":{"rendered":"https:\/\/b0a1s2f3.gsuenderbasel.ch\/?page_id=95"},"modified":"2024-04-24T09:02:21","modified_gmt":"2024-04-24T09:02:21","slug":"impressum","status":"publish","type":"page","link":"https:\/\/b0a1s2f3.gsuenderbasel.ch\/resilienz\/impressum\/","title":{"rendered":"Impressum"},"content":{"rendered":"\n<p>Gs\u00fcnder Basel \u2013 Bewegungs- und Entspannungskurse f\u00fcr alle<\/p>\n\n\n\n<h3 class=\"wp-block-heading\">An\u00adschrift<\/h3>\n\n\n\n<p>Verein Gs\u00fcnder Basel<br>Stefanie N\u00e4f-Seiler<br>G\u00fcterstrasse 141<br>4053 Basel<br>Telefon: 061 551 01 22<br>E-Mail:&nbsp;<a href=\"mailto: s.naef-seiler@gsuenderbasel.ch\">s.naef-seiler@gsuenderbasel.ch<\/a><\/p>\n\n\n\n<h3 class=\"wp-block-heading\">In\u00adfor\u00adma\u00adti\u00ado\u00adnen zum In\u00adter\u00adne\u00adt\u00adauf\u00adtritt<\/h3>\n\n\n\n<p>Herausgeber und verantwortlich f\u00fcr den Inhalt der Internet-Seiten: Stefanie N\u00e4f-Seiler, Gesch\u00e4ftsleiterin<br>Konzeption: Gs\u00fcnder Basel <br>Gestaltung &amp; technische Umsetzung: Gs\u00fcnder Basel<br>Bildquellen: Gs\u00fcnder Basel (eigenes Bildarchiv)<\/p>\n\n\n\n<h3 class=\"wp-block-heading\">Da\u00adten\u00adschutz<\/h3>\n\n\n\n<p>Es gilt die Datenschutzerkl\u00e4rung von Gs\u00fcnder Basel, diese finden Sie <a href=\"https:\/\/www.gsuenderbasel.ch\/datenschutzerklaerung\/\">hier<\/a>.<\/p>\n","protected":false},"excerpt":{"rendered":"<p>Gs\u00fcnder Basel \u2013 Bewegungs- und Entspannungskurse f\u00fcr alle An\u00adschrift Verein Gs\u00fcnder BaselStefanie N\u00e4f-SeilerG\u00fcterstrasse 1414053 BaselTelefon: 061 551 01 22E-Mail:&nbsp;s.naef-seiler@gsuenderbasel.ch In\u00adfor\u00adma\u00adti\u00ado\u00adnen zum In\u00adter\u00adne\u00adt\u00adauf\u00adtritt Herausgeber und verantwortlich f\u00fcr den Inhalt der Internet-Seiten: Stefanie N\u00e4f-Seiler, Gesch\u00e4ftsleiterinKonzeption: Gs\u00fcnder Basel Gestaltung &amp; technische Umsetzung: Gs\u00fcnder BaselBildquellen: Gs\u00fcnder Basel (eigenes Bildarchiv) Da\u00adten\u00adschutz Es gilt die Datenschutzerkl\u00e4rung von Gs\u00fcnder Basel, diese finden&#8230;<\/p>\n","protected":false},"author":1,"featured_media":0,"parent":0,"menu_order":0,"comment_status":"closed","ping_status":"closed","template":"","meta":{"_kad_post_transparent":"","_kad_post_title":"","_kad_post_layout":"","_kad_post_sidebar_id":"","_kad_post_content_style":"","_kad_post_vertical_padding":"","_kad_post_feature":"","_kad_post_feature_position":"","_kad_post_header":false,"_kad_post_footer":false,"footnotes":""},"class_list":["post-95","page","type-page","status-publish","hentry"],"_links":{"self":[{"href":"https:\/\/b0a1s2f3.gsuenderbasel.ch\/resilienz\/wp-json\/wp\/v2\/pages\/95","targetHints":{"allow":["GET"]}}],"collection":[{"href":"https:\/\/b0a1s2f3.gsuenderbasel.ch\/resilienz\/wp-json\/wp\/v2\/pages"}],"about":[{"href":"https:\/\/b0a1s2f3.gsuenderbasel.ch\/resilienz\/wp-json\/wp\/v2\/types\/page"}],"author":[{"embeddable":true,"href":"https:\/\/b0a1s2f3.gsuenderbasel.ch\/resilienz\/wp-json\/wp\/v2\/users\/1"}],"replies":[{"embeddable":true,"href":"https:\/\/b0a1s2f3.gsuenderbasel.ch\/resilienz\/wp-json\/wp\/v2\/comments?post=95"}],"version-history":[{"count":1,"href":"https:\/\/b0a1s2f3.gsuenderbasel.ch\/resilienz\/wp-json\/wp\/v2\/pages\/95\/revisions"}],"predecessor-version":[{"id":96,"href":"https:\/\/b0a1s2f3.gsuenderbasel.ch\/resilienz\/wp-json\/wp\/v2\/pages\/95\/revisions\/96"}],"wp:attachment":[{"href":"https:\/\/b0a1s2f3.gsuenderbasel.ch\/resilienz\/wp-json\/wp\/v2\/media?parent=95"}],"curies":[{"name":"wp","href":"https:\/\/api.w.org\/{rel}","templated":true}]}}