{"id":7,"date":"2024-04-18T13:58:56","date_gmt":"2024-04-18T13:58:56","guid":{"rendered":"https:\/\/b0a1s2f3.gsuenderbasel.ch\/?page_id=7"},"modified":"2025-03-14T13:32:56","modified_gmt":"2025-03-14T13:32:56","slug":"start","status":"publish","type":"page","link":"https:\/\/b0a1s2f3.gsuenderbasel.ch\/ernaehrung\/","title":{"rendered":"Start"},"content":{"rendered":"<style>.kadence-column7_d2fa33-93 > .kt-inside-inner-col,.kadence-column7_d2fa33-93 > .kt-inside-inner-col:before{border-top-left-radius:0px;border-top-right-radius:0px;border-bottom-right-radius:0px;border-bottom-left-radius:0px;}.kadence-column7_d2fa33-93 > .kt-inside-inner-col{column-gap:var(--global-kb-gap-sm, 1rem);}.kadence-column7_d2fa33-93 > .kt-inside-inner-col{flex-direction:column;}.kadence-column7_d2fa33-93 > .kt-inside-inner-col > .aligncenter{width:100%;}.kadence-column7_d2fa33-93 > .kt-inside-inner-col:before{opacity:0.3;}.kadence-column7_d2fa33-93{position:relative;}@media all and (max-width: 1024px){.kadence-column7_d2fa33-93 > .kt-inside-inner-col{flex-direction:column;}}@media all and (max-width: 767px){.kadence-column7_d2fa33-93 > .kt-inside-inner-col{flex-direction:column;}}<\/style>\n<div class=\"wp-block-kadence-column kadence-column7_d2fa33-93\"><div class=\"kt-inside-inner-col\"><style>.wp-block-kadence-advancedheading.kt-adv-heading7_c7a0fb-8e, .wp-block-kadence-advancedheading.kt-adv-heading7_c7a0fb-8e[data-kb-block=\"kb-adv-heading7_c7a0fb-8e\"]{font-style:normal;}.wp-block-kadence-advancedheading.kt-adv-heading7_c7a0fb-8e mark.kt-highlight, .wp-block-kadence-advancedheading.kt-adv-heading7_c7a0fb-8e[data-kb-block=\"kb-adv-heading7_c7a0fb-8e\"] mark.kt-highlight{font-style:normal;color:#f76a0c;-webkit-box-decoration-break:clone;box-decoration-break:clone;padding-top:0px;padding-right:0px;padding-bottom:0px;padding-left:0px;}<\/style>\n<p class=\"kt-adv-heading7_c7a0fb-8e justify-class wp-block-kadence-advancedheading\" data-kb-block=\"kb-adv-heading7_c7a0fb-8e\">Der Werk\u00e4rztliche Dienst von BASF in der Schweiz und Gs\u00fcnder Basel sind \u00fcberzeugt, dass eine ausgewogene und bewusste Ern\u00e4hrung besonders in der Winterzeit eine zentrale Rolle f\u00fcr unser Wohlbefinden und unsere Gesundheit spielt. Doch eine ausgewogene Ern\u00e4hrung bedeutet mehr als die Wahl der Lebensmittel \u2013 es geht darum, mit Genuss, Bewusstsein und Alltagstauglichkeit einen geeigneten Grundbaustein f\u00fcr K\u00f6rper und Geist zu schaffen. In den kommenden Wochen begleiten wir Sie auf einer spannenden Reise hin zu einer bewussteren Ern\u00e4hrung. Gemeinsam mit unserer Ern\u00e4hrungsexpertin teilen wir in vier zehnminutigen Videosequenzen wertvolle Erkenntnisse, praktische Tipps und inspirierende Impulse, die Ihnen helfen, gesunde und ausgewogene Essgewohnheiten in Ihren (Arbeits-)Alltag zu integrieren.<\/p>\n\n\n<style>.wp-block-kadence-spacer.kt-block-spacer-7_9c0eea-3f .kt-block-spacer{height:60px;}.wp-block-kadence-spacer.kt-block-spacer-7_9c0eea-3f .kt-divider{border-top-width:1px;height:1px;border-top-color:#eee;width:80%;border-top-style:solid;}<\/style>\n<div class=\"wp-block-kadence-spacer aligncenter kt-block-spacer-7_9c0eea-3f\"><div class=\"kt-block-spacer kt-block-spacer-halign-center\"><hr class=\"kt-divider\"\/><\/div><\/div>\n\n\n<ul class=\"wp-block-latest-posts__list wp-block-latest-posts has-medium-font-size\"><li><a class=\"wp-block-latest-posts__post-title\" href=\"https:\/\/b0a1s2f3.gsuenderbasel.ch\/ernaehrung\/woche-4-ernaehrung-allgemein\/\">Woche 4: Ern\u00e4hrung allgemein<\/a><div class=\"wp-block-latest-posts__post-full-content\"><!-- wp:kadence\/column {\"borderWidth\":[\"\",\"\",\"\",\"\"],\"uniqueID\":\"679_a2db89-7b\",\"kbVersion\":2,\"className\":\"justify-class\"} -->\n<div class=\"wp-block-kadence-column kadence-column679_a2db89-7b justify-class\"><div class=\"kt-inside-inner-col\"><!-- wp:video {\"id\":678} -->\n<figure class=\"wp-block-video\"><video controls preload=\"auto\" src=\"https:\/\/b0a1s2f3.gsuenderbasel.ch\/ernaehrung\/wp-content\/uploads\/2025\/03\/BASF_Ernahrung_04_v2_web.mp4\" playsinline><\/video><\/figure>\n<!-- \/wp:video -->\n\n<!-- wp:kadence\/advancedheading {\"uniqueID\":\"679_8dc1cf-fa\",\"markBorder\":\"\",\"markBorderStyles\":[{\"top\":[null,\"\",\"\"],\"right\":[null,\"\",\"\"],\"bottom\":[null,\"\",\"\"],\"left\":[null,\"\",\"\"],\"unit\":\"px\"}],\"tabletMarkBorderStyles\":[{\"top\":[null,\"\",\"\"],\"right\":[null,\"\",\"\"],\"bottom\":[null,\"\",\"\"],\"left\":[null,\"\",\"\"],\"unit\":\"px\"}],\"mobileMarkBorderStyles\":[{\"top\":[null,\"\",\"\"],\"right\":[null,\"\",\"\"],\"bottom\":[null,\"\",\"\"],\"left\":[null,\"\",\"\"],\"unit\":\"px\"}]} -->\n<h2 class=\"kt-adv-heading679_8dc1cf-fa wp-block-kadence-advancedheading\" data-kb-block=\"kb-adv-heading679_8dc1cf-fa\">Ern\u00e4hrung erlebbar machen \u2013 Hier finden Sie die Zusatzinformationen, die im Video erw\u00e4hnt werden, zum <mark class=\"kt-highlight\"><mark class=\"has-inline-color has-theme-palette-5-color\"><a href=\"https:\/\/b0a1s2f3.gsuenderbasel.ch\/ernaehrung\/unterlagen\/#film4\" data-type=\"page\" data-id=\"536\">Herunterladen<\/a><\/mark><\/mark><a>.<\/a><\/h2>\n<!-- \/wp:kadence\/advancedheading -->\n\n<!-- wp:kadence\/advancedheading {\"uniqueID\":\"679_8fdccf-cb\",\"markBorder\":\"\",\"markBorderStyles\":[{\"top\":[null,\"\",\"\"],\"right\":[null,\"\",\"\"],\"bottom\":[null,\"\",\"\"],\"left\":[null,\"\",\"\"],\"unit\":\"px\"}],\"tabletMarkBorderStyles\":[{\"top\":[null,\"\",\"\"],\"right\":[null,\"\",\"\"],\"bottom\":[null,\"\",\"\"],\"left\":[null,\"\",\"\"],\"unit\":\"px\"}],\"mobileMarkBorderStyles\":[{\"top\":[null,\"\",\"\"],\"right\":[null,\"\",\"\"],\"bottom\":[null,\"\",\"\"],\"left\":[null,\"\",\"\"],\"unit\":\"px\"}]} -->\n<h2 class=\"kt-adv-heading679_8fdccf-cb wp-block-kadence-advancedheading\" data-kb-block=\"kb-adv-heading679_8fdccf-cb\">Die Folien der Pr\u00e4sentation k\u00f6nnen Sie <mark class=\"has-inline-color has-theme-palette-5-color\"><a href=\"https:\/\/b0a1s2f3.gsuenderbasel.ch\/ernaehrung\/wp-content\/uploads\/2025\/03\/GsuenderBasel_ErnaehrungskampagneBASF_Video-4_V2.pdf\" target=\"_blank\" rel=\"noreferrer noopener\">HIER<\/a><\/mark> herunterladen.<\/h2>\n<!-- \/wp:kadence\/advancedheading --><\/div><\/div>\n<!-- \/wp:kadence\/column --><\/div><\/li>\n<\/ul>\n\n<style>.wp-block-kadence-spacer.kt-block-spacer-7_ed3211-48 .kt-block-spacer{height:60px;}.wp-block-kadence-spacer.kt-block-spacer-7_ed3211-48 .kt-divider{border-top-width:1px;height:1px;border-top-color:#eee;width:80%;border-top-style:solid;}<\/style>\n<div class=\"wp-block-kadence-spacer aligncenter kt-block-spacer-7_ed3211-48\"><div class=\"kt-block-spacer kt-block-spacer-halign-center\"><hr class=\"kt-divider\"\/><\/div><\/div>\n<\/div><\/div>\n\n\n<style>.kadence-column7_61551c-1f > .kt-inside-inner-col,.kadence-column7_61551c-1f > .kt-inside-inner-col:before{border-top-left-radius:0px;border-top-right-radius:0px;border-bottom-right-radius:0px;border-bottom-left-radius:0px;}.kadence-column7_61551c-1f > .kt-inside-inner-col{column-gap:var(--global-kb-gap-sm, 1rem);}.kadence-column7_61551c-1f > .kt-inside-inner-col{flex-direction:column;}.kadence-column7_61551c-1f > .kt-inside-inner-col > .aligncenter{width:100%;}.kadence-column7_61551c-1f > .kt-inside-inner-col:before{opacity:0.3;}.kadence-column7_61551c-1f{position:relative;}@media all and (max-width: 1024px){.kadence-column7_61551c-1f > .kt-inside-inner-col{flex-direction:column;}}@media all and (max-width: 767px){.kadence-column7_61551c-1f > .kt-inside-inner-col{flex-direction:column;}}<\/style>\n<div class=\"wp-block-kadence-column kadence-column7_61551c-1f\"><div class=\"kt-inside-inner-col\"><style>.wp-block-kadence-advancedheading.kt-adv-heading7_3c7851-17, .wp-block-kadence-advancedheading.kt-adv-heading7_3c7851-17[data-kb-block=\"kb-adv-heading7_3c7851-17\"]{font-style:normal;}.wp-block-kadence-advancedheading.kt-adv-heading7_3c7851-17 mark.kt-highlight, .wp-block-kadence-advancedheading.kt-adv-heading7_3c7851-17[data-kb-block=\"kb-adv-heading7_3c7851-17\"] mark.kt-highlight{font-style:normal;color:#f76a0c;-webkit-box-decoration-break:clone;box-decoration-break:clone;padding-top:0px;padding-right:0px;padding-bottom:0px;padding-left:0px;}<\/style>\n<p class=\"kt-adv-heading7_3c7851-17 justify-class wp-block-kadence-advancedheading\" data-kb-block=\"kb-adv-heading7_3c7851-17\">Wissen ist gut, aber Erleben ist besser! Damit Sie das Wissen direkt in Ihren (Arbeits-)Alltag integrieren k\u00f6nnen, stellen wir Ihnen jede Woche praktische Materialien zum Downloaden und Ausdrucken zur Verf\u00fcgung. Wir laden Sie herzlich dazu ein, einen neuen Blickwinkel auf das Thema Ern\u00e4hrung zu gewinnen \u2013 lassen Sie sich inspirieren. Wir freuen uns darauf, Sie auf dieser spannenden Reise zu begleiten.<\/p>\n\n\n<style>.wp-block-kadence-advancedheading.kt-adv-heading7_3f06b9-12, .wp-block-kadence-advancedheading.kt-adv-heading7_3f06b9-12[data-kb-block=\"kb-adv-heading7_3f06b9-12\"]{font-style:normal;}.wp-block-kadence-advancedheading.kt-adv-heading7_3f06b9-12 mark.kt-highlight, .wp-block-kadence-advancedheading.kt-adv-heading7_3f06b9-12[data-kb-block=\"kb-adv-heading7_3f06b9-12\"] mark.kt-highlight{font-style:normal;color:#f76a0c;-webkit-box-decoration-break:clone;box-decoration-break:clone;padding-top:0px;padding-right:0px;padding-bottom:0px;padding-left:0px;}<\/style>\n<p class=\"kt-adv-heading7_3f06b9-12 justify-class wp-block-kadence-advancedheading\" data-kb-block=\"kb-adv-heading7_3f06b9-12\"><em>Ern\u00e4hrung: Bewusster essen, ges\u00fcnder leben<\/em> dauert vom <mark style=\"background-color:rgba(0, 0, 0, 0)\" class=\"has-inline-color has-theme-palette-5-color\">17. Februar bis Ende M\u00e4rz 2025<\/mark> und besteht aus vier Inputvideos zu bedeutsamen Ern\u00e4hrungsthemen. sowie weiterf\u00fchrende Unterlagen und Informationen. Alle Inhalte der Gesundheitsaktion sind jederzeit und auch \u00fcber die Aktionszeit hinaus l\u00e4ngerfristig zug\u00e4nglich.<\/p>\n\n\n<style>.wp-block-kadence-advancedheading.kt-adv-heading7_d37710-67, .wp-block-kadence-advancedheading.kt-adv-heading7_d37710-67[data-kb-block=\"kb-adv-heading7_d37710-67\"]{font-style:normal;}.wp-block-kadence-advancedheading.kt-adv-heading7_d37710-67 mark.kt-highlight, .wp-block-kadence-advancedheading.kt-adv-heading7_d37710-67[data-kb-block=\"kb-adv-heading7_d37710-67\"] mark.kt-highlight{font-style:normal;color:#f76a0c;-webkit-box-decoration-break:clone;box-decoration-break:clone;padding-top:0px;padding-right:0px;padding-bottom:0px;padding-left:0px;}<\/style>\n<h2 class=\"kt-adv-heading7_d37710-67 wp-block-kadence-advancedheading\" data-kb-block=\"kb-adv-heading7_d37710-67\"><strong>Ihre Meinung ist uns wichtig!<\/strong><\/h2>\n\n\n<style>.wp-block-kadence-advancedheading.kt-adv-heading7_a54721-6a, .wp-block-kadence-advancedheading.kt-adv-heading7_a54721-6a[data-kb-block=\"kb-adv-heading7_a54721-6a\"]{font-style:normal;}.wp-block-kadence-advancedheading.kt-adv-heading7_a54721-6a mark.kt-highlight, .wp-block-kadence-advancedheading.kt-adv-heading7_a54721-6a[data-kb-block=\"kb-adv-heading7_a54721-6a\"] mark.kt-highlight{font-style:normal;color:#f76a0c;-webkit-box-decoration-break:clone;box-decoration-break:clone;padding-top:0px;padding-right:0px;padding-bottom:0px;padding-left:0px;}<\/style>\n<p class=\"kt-adv-heading7_a54721-6a justify-class wp-block-kadence-advancedheading\" data-kb-block=\"kb-adv-heading7_a54721-6a\">Wir freuen uns \u00fcber R\u00fcckmeldungen zur Gesundheitsaktion und beantworten gerne Ihre Fragen. Kontaktieren Sie uns via E-Mail an <a href=\"mailto:medical.services.ch@basf.com\">medical.services.ch@basf.com<\/a>.<\/p>\n<\/div><\/div>\n\n\n\n<p><\/p>\n","protected":false},"excerpt":{"rendered":"<p>Der Werk\u00e4rztliche Dienst von BASF in der Schweiz und Gs\u00fcnder Basel sind \u00fcberzeugt, dass eine ausgewogene und bewusste Ern\u00e4hrung besonders in der Winterzeit eine zentrale Rolle f\u00fcr unser Wohlbefinden und unsere Gesundheit spielt. Doch eine ausgewogene Ern\u00e4hrung bedeutet mehr als die Wahl der Lebensmittel \u2013 es geht darum, mit Genuss, Bewusstsein und Alltagstauglichkeit einen geeigneten&#8230;<\/p>\n","protected":false},"author":1,"featured_media":0,"parent":0,"menu_order":0,"comment_status":"closed","ping_status":"closed","template":"","meta":{"_kad_post_transparent":"","_kad_post_title":"","_kad_post_layout":"","_kad_post_sidebar_id":"","_kad_post_content_style":"","_kad_post_vertical_padding":"","_kad_post_feature":"","_kad_post_feature_position":"","_kad_post_header":false,"_kad_post_footer":false,"iawp_total_views":662,"footnotes":""},"class_list":["post-7","page","type-page","status-publish","hentry"],"_links":{"self":[{"href":"https:\/\/b0a1s2f3.gsuenderbasel.ch\/ernaehrung\/wp-json\/wp\/v2\/pages\/7","targetHints":{"allow":["GET"]}}],"collection":[{"href":"https:\/\/b0a1s2f3.gsuenderbasel.ch\/ernaehrung\/wp-json\/wp\/v2\/pages"}],"about":[{"href":"https:\/\/b0a1s2f3.gsuenderbasel.ch\/ernaehrung\/wp-json\/wp\/v2\/types\/page"}],"author":[{"embeddable":true,"href":"https:\/\/b0a1s2f3.gsuenderbasel.ch\/ernaehrung\/wp-json\/wp\/v2\/users\/1"}],"replies":[{"embeddable":true,"href":"https:\/\/b0a1s2f3.gsuenderbasel.ch\/ernaehrung\/wp-json\/wp\/v2\/comments?post=7"}],"version-history":[{"count":49,"href":"https:\/\/b0a1s2f3.gsuenderbasel.ch\/ernaehrung\/wp-json\/wp\/v2\/pages\/7\/revisions"}],"predecessor-version":[{"id":666,"href":"https:\/\/b0a1s2f3.gsuenderbasel.ch\/ernaehrung\/wp-json\/wp\/v2\/pages\/7\/revisions\/666"}],"wp:attachment":[{"href":"https:\/\/b0a1s2f3.gsuenderbasel.ch\/ernaehrung\/wp-json\/wp\/v2\/media?parent=7"}],"curies":[{"name":"wp","href":"https:\/\/api.w.org\/{rel}","templated":true}]}}